{"id":442,"date":"2024-10-09T15:58:36","date_gmt":"2024-10-09T13:58:36","guid":{"rendered":"https:\/\/www.lessworkbot.com\/rechtlicher-hinweis\/"},"modified":"2025-12-30T14:57:10","modified_gmt":"2025-12-30T13:57:10","slug":"rechtlicher-hinweis","status":"publish","type":"page","link":"https:\/\/www.lessworkbot.com\/de\/rechtlicher-hinweis\/","title":{"rendered":"Impressum"},"content":{"rendered":"\n<h1>\n\t\t\t\t<\/h1>\n\tlesswork Productivity Solutions e.U.<br \/>\nFN 649554 b<br \/>\nUID: ATU75285718<br \/>\nGesch\u00e4ftsf\u00fchrer: Andr\u00e9 Liss\nWehlistrasse 291\/2\/205<br \/>\nA-1020 Wien, \u00d6sterreich\n<p>+43 1 435-1065 | +1-954-466-9974<\/p>\n\n","protected":false},"excerpt":{"rendered":"<p>lesswork Productivity Solutions e.U. FN 649554 b UID: ATU75285718 Gesch\u00e4ftsf\u00fchrer: Andr\u00e9 Liss Wehlistrasse 291\/2\/205 A-1020 Wien, \u00d6sterreich +43 1 435-1065 | +1-954-466-9974<\/p>\n","protected":false},"author":1,"featured_media":0,"parent":0,"menu_order":0,"comment_status":"closed","ping_status":"closed","template":"","meta":{"h5ap_radio_sources":[],"footnotes":""},"class_list":["post-442","page","type-page","status-publish","hentry"],"_links":{"self":[{"href":"https:\/\/www.lessworkbot.com\/de\/wp-json\/wp\/v2\/pages\/442","targetHints":{"allow":["GET"]}}],"collection":[{"href":"https:\/\/www.lessworkbot.com\/de\/wp-json\/wp\/v2\/pages"}],"about":[{"href":"https:\/\/www.lessworkbot.com\/de\/wp-json\/wp\/v2\/types\/page"}],"author":[{"embeddable":true,"href":"https:\/\/www.lessworkbot.com\/de\/wp-json\/wp\/v2\/users\/1"}],"replies":[{"embeddable":true,"href":"https:\/\/www.lessworkbot.com\/de\/wp-json\/wp\/v2\/comments?post=442"}],"version-history":[{"count":4,"href":"https:\/\/www.lessworkbot.com\/de\/wp-json\/wp\/v2\/pages\/442\/revisions"}],"predecessor-version":[{"id":1645,"href":"https:\/\/www.lessworkbot.com\/de\/wp-json\/wp\/v2\/pages\/442\/revisions\/1645"}],"wp:attachment":[{"href":"https:\/\/www.lessworkbot.com\/de\/wp-json\/wp\/v2\/media?parent=442"}],"curies":[{"name":"wp","href":"https:\/\/api.w.org\/{rel}","templated":true}]}}