{"id":448,"date":"2024-10-09T15:58:43","date_gmt":"2024-10-09T13:58:43","guid":{"rendered":"https:\/\/www.lessworkbot.com\/contactenos\/"},"modified":"2025-04-06T11:31:58","modified_gmt":"2025-04-06T09:31:58","slug":"contactenos","status":"publish","type":"page","link":"https:\/\/www.lessworkbot.com\/es\/contactenos\/","title":{"rendered":"Cont\u00e1ctenos"},"content":{"rendered":"\n<h1>\n\t\tCont\u00e1ctenos\n\t<\/h1>\n  <elevenlabs-convai agent-id=\"VJDSK3ZTh7WH88S1abvX\"><\/elevenlabs-convai>\n<h2>\n\t\tConcertar cita con una persona\n\t<\/h2>\n\t\t\t<a href=\"https:\/\/calendly.com\/lesswork\/15-minutos-con-andre-liss\" target=\"_blank\" rel=\"noopener\">\n\t\t\t\t\t\tSeleccionar fecha y hora\n\t\t\t\t\t<\/a>\n<h2>\n\t\tEscr\u00edbanos un correo electr\u00f3nico\n\t<\/h2>\n\n","protected":false},"excerpt":{"rendered":"<p>Cont\u00e1ctenos Concertar cita con una persona Seleccionar fecha y hora Escr\u00edbanos un correo electr\u00f3nico<\/p>\n","protected":false},"author":1,"featured_media":0,"parent":0,"menu_order":0,"comment_status":"closed","ping_status":"closed","template":"","meta":{"h5ap_radio_sources":[],"footnotes":""},"class_list":["post-448","page","type-page","status-publish","hentry"],"_links":{"self":[{"href":"https:\/\/www.lessworkbot.com\/es\/wp-json\/wp\/v2\/pages\/448","targetHints":{"allow":["GET"]}}],"collection":[{"href":"https:\/\/www.lessworkbot.com\/es\/wp-json\/wp\/v2\/pages"}],"about":[{"href":"https:\/\/www.lessworkbot.com\/es\/wp-json\/wp\/v2\/types\/page"}],"author":[{"embeddable":true,"href":"https:\/\/www.lessworkbot.com\/es\/wp-json\/wp\/v2\/users\/1"}],"replies":[{"embeddable":true,"href":"https:\/\/www.lessworkbot.com\/es\/wp-json\/wp\/v2\/comments?post=448"}],"version-history":[{"count":3,"href":"https:\/\/www.lessworkbot.com\/es\/wp-json\/wp\/v2\/pages\/448\/revisions"}],"predecessor-version":[{"id":1039,"href":"https:\/\/www.lessworkbot.com\/es\/wp-json\/wp\/v2\/pages\/448\/revisions\/1039"}],"wp:attachment":[{"href":"https:\/\/www.lessworkbot.com\/es\/wp-json\/wp\/v2\/media?parent=448"}],"curies":[{"name":"wp","href":"https:\/\/api.w.org\/{rel}","templated":true}]}}