{"id":666,"date":"2025-02-13T12:18:58","date_gmt":"2025-02-13T11:18:58","guid":{"rendered":"https:\/\/www.lessworkbot.com\/a-propos-de-nous\/"},"modified":"2025-02-20T10:32:09","modified_gmt":"2025-02-20T09:32:09","slug":"a-propos-de-nous","status":"publish","type":"page","link":"https:\/\/www.lessworkbot.com\/fr\/a-propos-de-nous\/","title":{"rendered":"\u00c0 propos de nous"},"content":{"rendered":"<div class=\"fl-col fl-node-lcq5nktrwi9h fl-col-bg-color fl-col-small\" data-node=\"lcq5nktrwi9h\">\n<div class=\"fl-col-content fl-node-content\">\n<div class=\"fl-module fl-module-rich-text fl-node-qhj6z3pyrsc2\" data-node=\"qhj6z3pyrsc2\">\n<div class=\"fl-module-content fl-node-content\">\n<div class=\"fl-rich-text\">\n<p>Le lesswork Voicebot offre des services t\u00e9l\u00e9phoniques aliment\u00e9s par l\u2019IA, am\u00e9liorant la productivit\u00e9 et la satisfaction des clients.<\/p>\n<\/div>\n<\/div>\n<\/div>\n<\/div>\n<\/div>\n","protected":false},"excerpt":{"rendered":"<p>Le lesswork Voicebot offre des services t\u00e9l\u00e9phoniques aliment\u00e9s par l\u2019IA, am\u00e9liorant la productivit\u00e9 et la satisfaction des clients.<\/p>\n","protected":false},"author":1,"featured_media":0,"parent":0,"menu_order":0,"comment_status":"closed","ping_status":"closed","template":"","meta":{"h5ap_radio_sources":[],"footnotes":""},"class_list":["post-666","page","type-page","status-publish","hentry"],"_links":{"self":[{"href":"https:\/\/www.lessworkbot.com\/fr\/wp-json\/wp\/v2\/pages\/666","targetHints":{"allow":["GET"]}}],"collection":[{"href":"https:\/\/www.lessworkbot.com\/fr\/wp-json\/wp\/v2\/pages"}],"about":[{"href":"https:\/\/www.lessworkbot.com\/fr\/wp-json\/wp\/v2\/types\/page"}],"author":[{"embeddable":true,"href":"https:\/\/www.lessworkbot.com\/fr\/wp-json\/wp\/v2\/users\/1"}],"replies":[{"embeddable":true,"href":"https:\/\/www.lessworkbot.com\/fr\/wp-json\/wp\/v2\/comments?post=666"}],"version-history":[{"count":1,"href":"https:\/\/www.lessworkbot.com\/fr\/wp-json\/wp\/v2\/pages\/666\/revisions"}],"predecessor-version":[{"id":755,"href":"https:\/\/www.lessworkbot.com\/fr\/wp-json\/wp\/v2\/pages\/666\/revisions\/755"}],"wp:attachment":[{"href":"https:\/\/www.lessworkbot.com\/fr\/wp-json\/wp\/v2\/media?parent=666"}],"curies":[{"name":"wp","href":"https:\/\/api.w.org\/{rel}","templated":true}]}}