{"id":669,"date":"2025-02-13T12:23:07","date_gmt":"2025-02-13T11:23:07","guid":{"rendered":"https:\/\/www.lessworkbot.com\/quem-somos\/"},"modified":"2026-02-09T14:30:07","modified_gmt":"2026-02-09T13:30:07","slug":"quem-somos","status":"publish","type":"page","link":"https:\/\/www.lessworkbot.com\/pt-br\/quem-somos\/","title":{"rendered":"Quem somos"},"content":{"rendered":"<div class=\"fl-col fl-node-lcq5nktrwi9h fl-col-bg-color fl-col-small\" data-node=\"lcq5nktrwi9h\">\n<div class=\"fl-col-content fl-node-content\">\n<div class=\"fl-module fl-module-rich-text fl-node-qhj6z3pyrsc2\" data-node=\"qhj6z3pyrsc2\">\n<div class=\"fl-module-content fl-node-content\">\n<div class=\"fl-rich-text\">\n<p>O lesswork Voicebot oferece servi\u00e7os telef\u00f4nicos com intelig\u00eancia artificial, aumentando a produtividade e a satisfa\u00e7\u00e3o do cliente.<\/p>\n<\/div>\n<\/div>\n<\/div>\n<\/div>\n<\/div>\n","protected":false},"excerpt":{"rendered":"<p>O lesswork Voicebot oferece servi\u00e7os telef\u00f4nicos com intelig\u00eancia artificial, aumentando a produtividade e a satisfa\u00e7\u00e3o do cliente.<\/p>\n","protected":false},"author":1,"featured_media":0,"parent":0,"menu_order":0,"comment_status":"closed","ping_status":"closed","template":"","meta":{"h5ap_radio_sources":[],"footnotes":""},"class_list":["post-669","page","type-page","status-publish","hentry"],"_links":{"self":[{"href":"https:\/\/www.lessworkbot.com\/pt-br\/wp-json\/wp\/v2\/pages\/669","targetHints":{"allow":["GET"]}}],"collection":[{"href":"https:\/\/www.lessworkbot.com\/pt-br\/wp-json\/wp\/v2\/pages"}],"about":[{"href":"https:\/\/www.lessworkbot.com\/pt-br\/wp-json\/wp\/v2\/types\/page"}],"author":[{"embeddable":true,"href":"https:\/\/www.lessworkbot.com\/pt-br\/wp-json\/wp\/v2\/users\/1"}],"replies":[{"embeddable":true,"href":"https:\/\/www.lessworkbot.com\/pt-br\/wp-json\/wp\/v2\/comments?post=669"}],"version-history":[{"count":1,"href":"https:\/\/www.lessworkbot.com\/pt-br\/wp-json\/wp\/v2\/pages\/669\/revisions"}],"predecessor-version":[{"id":758,"href":"https:\/\/www.lessworkbot.com\/pt-br\/wp-json\/wp\/v2\/pages\/669\/revisions\/758"}],"wp:attachment":[{"href":"https:\/\/www.lessworkbot.com\/pt-br\/wp-json\/wp\/v2\/media?parent=669"}],"curies":[{"name":"wp","href":"https:\/\/api.w.org\/{rel}","templated":true}]}}